{"id":1107,"date":"2020-01-31T13:43:07","date_gmt":"2020-01-31T13:43:07","guid":{"rendered":"https:\/\/waveride.qodeinteractive.com\/?page_id=1107"},"modified":"2025-02-17T07:39:08","modified_gmt":"2025-02-17T12:39:08","slug":"contactez-nous","status":"publish","type":"page","link":"https:\/\/www.centrepurmer.com\/en\/contactez-nous\/","title":{"rendered":"Contact Us"},"content":{"rendered":"<div data-elementor-type=\"wp-page\" data-elementor-id=\"1107\" class=\"elementor elementor-1107\" data-elementor-post-type=\"page\">\n\t\t\t\t<div class=\"elementor-element elementor-element-19c4a43 e-flex e-con-boxed e-con e-parent\" data-id=\"19c4a43\" data-element_type=\"container\" data-e-type=\"container\" data-settings=\"{&quot;background_background&quot;:&quot;classic&quot;}\">\n\t\t\t\t\t<div class=\"e-con-inner\">\n\t\t\t\t<div class=\"elementor-element elementor-element-6720a12 elementor-widget elementor-widget-heading\" data-id=\"6720a12\" data-element_type=\"widget\" data-e-type=\"widget\" data-widget_type=\"heading.default\">\n\t\t\t\t<div class=\"elementor-widget-container\">\n\t\t\t\t\t<h2 class=\"elementor-heading-title elementor-size-default\">Contact us<\/h2>\t\t\t\t<\/div>\n\t\t\t\t<\/div>\n\t\t\t\t\t<\/div>\n\t\t\t\t<\/div>\n\t\t<div class=\"elementor-element elementor-element-d763cb6 e-flex e-con-boxed e-con e-parent\" data-id=\"d763cb6\" data-element_type=\"container\" data-e-type=\"container\">\n\t\t\t\t\t<div class=\"e-con-inner\">\n\t\t<div class=\"elementor-element elementor-element-e7c8ec3 e-con-full e-flex e-con e-child\" data-id=\"e7c8ec3\" data-element_type=\"container\" data-e-type=\"container\">\n\t\t\t\t<div class=\"elementor-element elementor-element-0bccf30 elementor-widget elementor-widget-google_maps\" data-id=\"0bccf30\" data-element_type=\"widget\" data-e-type=\"widget\" data-widget_type=\"google_maps.default\">\n\t\t\t\t<div class=\"elementor-widget-container\">\n\t\t\t\t\t\t\t<div class=\"elementor-custom-embed\">\n\t\t\t<iframe loading=\"lazy\"\n\t\t\t\t\tsrc=\"https:\/\/maps.google.com\/maps?q=250%20rue%20S%C3%A9raphin&#038;t=m&#038;z=13&#038;output=embed&#038;iwloc=near\"\n\t\t\t\t\ttitle=\"250 rue S\u00e9raphin\"\n\t\t\t\t\taria-label=\"250 rue S\u00e9raphin\"\n\t\t\t><\/iframe>\n\t\t<\/div>\n\t\t\t\t\t\t<\/div>\n\t\t\t\t<\/div>\n\t\t\t\t<\/div>\n\t\t<div class=\"elementor-element elementor-element-bdc0803 e-con-full e-flex e-con e-child\" data-id=\"bdc0803\" data-element_type=\"container\" data-e-type=\"container\">\n\t\t\t\t<div class=\"elementor-element elementor-element-59d75bc elementor-widget elementor-widget-text-editor\" data-id=\"59d75bc\" data-element_type=\"widget\" data-e-type=\"widget\" data-widget_type=\"text-editor.default\">\n\t\t\t\t<div class=\"elementor-widget-container\">\n\t\t\t\t\t\t\t\t\t<div class=\"qodef-section-title-holder\">Always available, the staff and professionals of the PurMer Center are there for you<\/div><div class=\"wpb_text_column wpb_content_element\"><div class=\"wpb_wrapper\"><ul><li><span class=\"qodef-icon-text\">1.450.622.0787<\/span><\/li><li>info@CentrePurMer.com<\/li><li>250 Rue S\u00e9raphin, Sainte-Ad\u00e8le, QC J8B 2G4<\/li><\/ul><\/div><\/div>\t\t\t\t\t\t\t\t<\/div>\n\t\t\t\t<\/div>\n\t\t\t\t<div class=\"elementor-element elementor-element-b435b1d elementor-widget elementor-widget-text-editor\" data-id=\"b435b1d\" data-element_type=\"widget\" data-e-type=\"widget\" data-widget_type=\"text-editor.default\">\n\t\t\t\t<div class=\"elementor-widget-container\">\n\t\t\t\t\t\t\t\t\t<p>Opening hours:<\/p><p>Monday to Friday: 9am-8pm<\/p><p>Saturday and Sunday: 10am-6pm<\/p><p>\u00a0<\/p>\t\t\t\t\t\t\t\t<\/div>\n\t\t\t\t<\/div>\n\t\t\t\t<\/div>\n\t\t\t\t\t<\/div>\n\t\t\t\t<\/div>\n\t\t\t\t<\/div>","protected":false},"excerpt":{"rendered":"<p>Nous joindre Toujours disponible, le personnel et les professionnels du Centre PurMer sont l\u00e0 pour vous 1.450.622.0787 info@CentrePurMer.com 250 Rue S\u00e9raphin, Sainte-Ad\u00e8le, QC J8B 2G4 Heures d\u2019ouverture: Lundi au Vendredi : 9h-20h Samedi et Dimanche: 10h-18h \u00a0<\/p>","protected":false},"author":2,"featured_media":0,"parent":0,"menu_order":0,"comment_status":"closed","ping_status":"closed","template":"","meta":{"footnotes":""},"class_list":["post-1107","page","type-page","status-publish","hentry"],"_links":{"self":[{"href":"https:\/\/www.centrepurmer.com\/en\/wp-json\/wp\/v2\/pages\/1107","targetHints":{"allow":["GET"]}}],"collection":[{"href":"https:\/\/www.centrepurmer.com\/en\/wp-json\/wp\/v2\/pages"}],"about":[{"href":"https:\/\/www.centrepurmer.com\/en\/wp-json\/wp\/v2\/types\/page"}],"author":[{"embeddable":true,"href":"https:\/\/www.centrepurmer.com\/en\/wp-json\/wp\/v2\/users\/2"}],"replies":[{"embeddable":true,"href":"https:\/\/www.centrepurmer.com\/en\/wp-json\/wp\/v2\/comments?post=1107"}],"version-history":[{"count":15,"href":"https:\/\/www.centrepurmer.com\/en\/wp-json\/wp\/v2\/pages\/1107\/revisions"}],"predecessor-version":[{"id":6056,"href":"https:\/\/www.centrepurmer.com\/en\/wp-json\/wp\/v2\/pages\/1107\/revisions\/6056"}],"wp:attachment":[{"href":"https:\/\/www.centrepurmer.com\/en\/wp-json\/wp\/v2\/media?parent=1107"}],"curies":[{"name":"wp","href":"https:\/\/api.w.org\/{rel}","templated":true}]}}