{"id":6188,"date":"2025-02-19T06:32:59","date_gmt":"2025-02-19T11:32:59","guid":{"rendered":"https:\/\/purmer.marketing-action.ca\/?page_id=6188"},"modified":"2025-02-19T06:42:55","modified_gmt":"2025-02-19T11:42:55","slug":"nouvelles","status":"publish","type":"page","link":"https:\/\/www.centrepurmer.com\/en\/nouvelles\/","title":{"rendered":"News"},"content":{"rendered":"<div data-elementor-type=\"wp-page\" data-elementor-id=\"6188\" class=\"elementor elementor-6188\" data-elementor-post-type=\"page\">\n\t\t\t\t<div class=\"elementor-element elementor-element-fcbabfa e-flex e-con-boxed e-con e-parent\" data-id=\"fcbabfa\" data-element_type=\"container\" data-e-type=\"container\" data-settings=\"{&quot;background_background&quot;:&quot;classic&quot;}\">\n\t\t\t\t\t<div class=\"e-con-inner\">\n\t\t\t\t<div class=\"elementor-element elementor-element-fb89ff2 elementor-widget elementor-widget-heading\" data-id=\"fb89ff2\" data-element_type=\"widget\" data-e-type=\"widget\" data-widget_type=\"heading.default\">\n\t\t\t\t<div class=\"elementor-widget-container\">\n\t\t\t\t\t<h2 class=\"elementor-heading-title elementor-size-default\">News<\/h2>\t\t\t\t<\/div>\n\t\t\t\t<\/div>\n\t\t\t\t\t<\/div>\n\t\t\t\t<\/div>\n\t\t<div class=\"elementor-element elementor-element-e77220e e-flex e-con-boxed e-con e-parent\" data-id=\"e77220e\" data-element_type=\"container\" data-e-type=\"container\">\n\t\t\t\t\t<div class=\"e-con-inner\">\n\t\t\t\t<div class=\"elementor-element elementor-element-68e37ac elementor-grid-3 elementor-grid-tablet-2 elementor-grid-mobile-1 elementor-posts--thumbnail-top elementor-widget elementor-widget-posts\" data-id=\"68e37ac\" data-element_type=\"widget\" data-e-type=\"widget\" data-settings=\"{&quot;classic_masonry&quot;:&quot;yes&quot;,&quot;pagination_type&quot;:&quot;prev_next&quot;,&quot;classic_columns&quot;:&quot;3&quot;,&quot;classic_columns_tablet&quot;:&quot;2&quot;,&quot;classic_columns_mobile&quot;:&quot;1&quot;,&quot;classic_row_gap&quot;:{&quot;unit&quot;:&quot;px&quot;,&quot;size&quot;:35,&quot;sizes&quot;:[]},&quot;classic_row_gap_tablet&quot;:{&quot;unit&quot;:&quot;px&quot;,&quot;size&quot;:&quot;&quot;,&quot;sizes&quot;:[]},&quot;classic_row_gap_mobile&quot;:{&quot;unit&quot;:&quot;px&quot;,&quot;size&quot;:&quot;&quot;,&quot;sizes&quot;:[]}}\" data-widget_type=\"posts.classic\">\n\t\t\t\t<div class=\"elementor-widget-container\">\n\t\t\t\t\t\t\t<div class=\"elementor-posts-container elementor-posts elementor-posts--skin-classic elementor-grid\" role=\"list\">\n\t\t\t\t<article class=\"elementor-post elementor-grid-item post-5356 post type-post status-publish format-standard has-post-thumbnail hentry category-installations category-journee-spa\" role=\"listitem\">\n\t\t\t\t<a class=\"elementor-post__thumbnail__link\" href=\"https:\/\/www.centrepurmer.com\/en\/les-forfaits-membre\/\" tabindex=\"-1\" >\n\t\t\t<div class=\"elementor-post__thumbnail\"><img fetchpriority=\"high\" decoding=\"async\" width=\"940\" height=\"788\" src=\"https:\/\/www.centrepurmer.com\/wp-content\/uploads\/2024\/10\/Package-Options-Instagram-Post-Publication-Facebook-4.png\" class=\"attachment-full size-full wp-image-5361\" alt=\"\" srcset=\"https:\/\/www.centrepurmer.com\/wp-content\/uploads\/2024\/10\/Package-Options-Instagram-Post-Publication-Facebook-4.png 940w, https:\/\/www.centrepurmer.com\/wp-content\/uploads\/2024\/10\/Package-Options-Instagram-Post-Publication-Facebook-4-300x251.png 300w, https:\/\/www.centrepurmer.com\/wp-content\/uploads\/2024\/10\/Package-Options-Instagram-Post-Publication-Facebook-4-768x644.png 768w\" sizes=\"(max-width: 940px) 100vw, 940px\" \/><\/div>\n\t\t<\/a>\n\t\t\t\t<div class=\"elementor-post__text\">\n\t\t\t\t<h3 class=\"elementor-post__title\">\n\t\t\t<a href=\"https:\/\/www.centrepurmer.com\/en\/les-forfaits-membre\/\" >\n\t\t\t\tMember packages\t\t\t<\/a>\n\t\t<\/h3>\n\t\t\t\t<div class=\"elementor-post__meta-data\">\n\t\t\t\t\t<span class=\"elementor-post-date\">\n\t\t\tOctober 8, 2024\t\t<\/span>\n\t\t\t\t<\/div>\n\t\t\t\t<div class=\"elementor-post__excerpt\">\n\t\t\t<p>Plongez dans le bien-\u00eatre absolu avec les forfaits membres Pur Mer! \ud83c\udf0a\u2728 Que vous souhaitiez vous offrir une journ\u00e9e de d\u00e9tente ou profiter d\u2019un mois ou trois de relaxation continue, nos abonnements illimit\u00e9s sont faits pour vous. Avec acc\u00e8s \u00e0 nos installations luxueuses, incluant la piscine int\u00e9rieure, les spas int\u00e9rieur<\/p>\n\t\t<\/div>\n\t\t\n\t\t<a class=\"elementor-post__read-more\" href=\"https:\/\/www.centrepurmer.com\/en\/les-forfaits-membre\/\" aria-label=\"Read more about Les forfaits membre\" tabindex=\"-1\" >\n\t\t\tLire la suite \u00bb\t\t<\/a>\n\n\t\t\t\t<\/div>\n\t\t\t\t<\/article>\n\t\t\t\t<article class=\"elementor-post elementor-grid-item post-5341 post type-post status-publish format-standard has-post-thumbnail hentry category-sport\" role=\"listitem\">\n\t\t\t\t<a class=\"elementor-post__thumbnail__link\" href=\"https:\/\/www.centrepurmer.com\/en\/nouveau-au-centre-pur-mer-2-3\/\" tabindex=\"-1\" >\n\t\t\t<div class=\"elementor-post__thumbnail\"><img decoding=\"async\" width=\"940\" height=\"788\" src=\"https:\/\/www.centrepurmer.com\/wp-content\/uploads\/2024\/09\/Squash-forfait.png\" class=\"attachment-full size-full wp-image-5342\" alt=\"\" srcset=\"https:\/\/www.centrepurmer.com\/wp-content\/uploads\/2024\/09\/Squash-forfait.png 940w, https:\/\/www.centrepurmer.com\/wp-content\/uploads\/2024\/09\/Squash-forfait-300x251.png 300w, https:\/\/www.centrepurmer.com\/wp-content\/uploads\/2024\/09\/Squash-forfait-768x644.png 768w\" sizes=\"(max-width: 940px) 100vw, 940px\" \/><\/div>\n\t\t<\/a>\n\t\t\t\t<div class=\"elementor-post__text\">\n\t\t\t\t<h3 class=\"elementor-post__title\">\n\t\t\t<a href=\"https:\/\/www.centrepurmer.com\/en\/nouveau-au-centre-pur-mer-2-3\/\" >\n\t\t\t\tThe 10 Superpowers of Squash: An Intense Sport with Surprising Benefits\t\t\t<\/a>\n\t\t<\/h3>\n\t\t\t\t<div class=\"elementor-post__meta-data\">\n\t\t\t\t\t<span class=\"elementor-post-date\">\n\t\t\tSeptember 25, 2024\t\t<\/span>\n\t\t\t\t<\/div>\n\t\t\t\t<div class=\"elementor-post__excerpt\">\n\t\t\t<p>Le squash est un sport tr\u00e8s dynamique et intense, qui offre de nombreux bienfaits pour la sant\u00e9, notamment pour les personnes qui cherchent \u00e0 am\u00e9liorer leur condition physique g\u00e9n\u00e9rale. Voici les principaux avantages du squash pour le sport et la sant\u00e9 : 1. Am\u00e9lioration de la condition cardiovasculaire Le squash<\/p>\n\t\t<\/div>\n\t\t\n\t\t<a class=\"elementor-post__read-more\" href=\"https:\/\/www.centrepurmer.com\/en\/nouveau-au-centre-pur-mer-2-3\/\" aria-label=\"Read more about Les 10 super pouvoirs du squash : un sport intense aux bienfaits surprenants\" tabindex=\"-1\" >\n\t\t\tLire la suite \u00bb\t\t<\/a>\n\n\t\t\t\t<\/div>\n\t\t\t\t<\/article>\n\t\t\t\t<article class=\"elementor-post elementor-grid-item post-5338 post type-post status-publish format-standard has-post-thumbnail hentry category-produits-pur-mer\" role=\"listitem\">\n\t\t\t\t<a class=\"elementor-post__thumbnail__link\" href=\"https:\/\/www.centrepurmer.com\/en\/nouveau-au-centre-pur-mer-2-2\/\" tabindex=\"-1\" >\n\t\t\t<div class=\"elementor-post__thumbnail\"><img decoding=\"async\" width=\"1080\" height=\"1080\" src=\"https:\/\/www.centrepurmer.com\/wp-content\/uploads\/2024\/09\/1.png\" class=\"attachment-full size-full wp-image-5339\" alt=\"\" srcset=\"https:\/\/www.centrepurmer.com\/wp-content\/uploads\/2024\/09\/1.png 1080w, https:\/\/www.centrepurmer.com\/wp-content\/uploads\/2024\/09\/1-300x300.png 300w, https:\/\/www.centrepurmer.com\/wp-content\/uploads\/2024\/09\/1-1024x1024.png 1024w, https:\/\/www.centrepurmer.com\/wp-content\/uploads\/2024\/09\/1-150x150.png 150w, https:\/\/www.centrepurmer.com\/wp-content\/uploads\/2024\/09\/1-768x768.png 768w, https:\/\/www.centrepurmer.com\/wp-content\/uploads\/2024\/09\/1-650x650.png 650w\" sizes=\"(max-width: 1080px) 100vw, 1080px\" \/><\/div>\n\t\t<\/a>\n\t\t\t\t<div class=\"elementor-post__text\">\n\t\t\t\t<h3 class=\"elementor-post__title\">\n\t\t\t<a href=\"https:\/\/www.centrepurmer.com\/en\/nouveau-au-centre-pur-mer-2-2\/\" >\n\t\t\t\tDiscover our eucalyptus soap!\t\t\t<\/a>\n\t\t<\/h3>\n\t\t\t\t<div class=\"elementor-post__meta-data\">\n\t\t\t\t\t<span class=\"elementor-post-date\">\n\t\t\tSeptember 25, 2024\t\t<\/span>\n\t\t\t\t<\/div>\n\t\t\t\t<div class=\"elementor-post__excerpt\">\n\t\t\t<p>D\u00e9couvrez notre Savon Eucalyptus 3 en 1 &#8211; 100% Naturel Faites l&rsquo;exp\u00e9rience d&rsquo;une peau purifi\u00e9e et rafra\u00eechie avec notre savon \u00e0 l&rsquo;eucalyptus, formul\u00e9 sp\u00e9cialement pour vous offrir des bienfaits multiples. Parfait pour une routine quotidienne, il est votre alli\u00e9 pour une peau saine et un esprit apais\u00e9. **Bienfaits :** **Antibact\u00e9rien<\/p>\n\t\t<\/div>\n\t\t\n\t\t<a class=\"elementor-post__read-more\" href=\"https:\/\/www.centrepurmer.com\/en\/nouveau-au-centre-pur-mer-2-2\/\" aria-label=\"Read more about D\u00e9couvrez notre savon eucalyptus !\" tabindex=\"-1\" >\n\t\t\tLire la suite \u00bb\t\t<\/a>\n\n\t\t\t\t<\/div>\n\t\t\t\t<\/article>\n\t\t\t\t<\/div>\n\t\t\n\t\t\t\t\t\t<\/div>\n\t\t\t\t<\/div>\n\t\t\t\t\t<\/div>\n\t\t\t\t<\/div>\n\t\t\t\t<\/div>","protected":false},"excerpt":{"rendered":"<p>News<\/p>","protected":false},"author":3,"featured_media":0,"parent":0,"menu_order":0,"comment_status":"closed","ping_status":"closed","template":"","meta":{"footnotes":""},"class_list":["post-6188","page","type-page","status-publish","hentry"],"_links":{"self":[{"href":"https:\/\/www.centrepurmer.com\/en\/wp-json\/wp\/v2\/pages\/6188","targetHints":{"allow":["GET"]}}],"collection":[{"href":"https:\/\/www.centrepurmer.com\/en\/wp-json\/wp\/v2\/pages"}],"about":[{"href":"https:\/\/www.centrepurmer.com\/en\/wp-json\/wp\/v2\/types\/page"}],"author":[{"embeddable":true,"href":"https:\/\/www.centrepurmer.com\/en\/wp-json\/wp\/v2\/users\/3"}],"replies":[{"embeddable":true,"href":"https:\/\/www.centrepurmer.com\/en\/wp-json\/wp\/v2\/comments?post=6188"}],"version-history":[{"count":7,"href":"https:\/\/www.centrepurmer.com\/en\/wp-json\/wp\/v2\/pages\/6188\/revisions"}],"predecessor-version":[{"id":6197,"href":"https:\/\/www.centrepurmer.com\/en\/wp-json\/wp\/v2\/pages\/6188\/revisions\/6197"}],"wp:attachment":[{"href":"https:\/\/www.centrepurmer.com\/en\/wp-json\/wp\/v2\/media?parent=6188"}],"curies":[{"name":"wp","href":"https:\/\/api.w.org\/{rel}","templated":true}]}}