{"id":6320,"date":"2025-04-17T06:55:49","date_gmt":"2025-04-17T10:55:49","guid":{"rendered":"https:\/\/www.centrepurmer.com\/?page_id=6320"},"modified":"2026-04-29T14:30:10","modified_gmt":"2026-04-29T18:30:10","slug":"aquavelo","status":"publish","type":"page","link":"https:\/\/www.centrepurmer.com\/en\/aquavelo\/","title":{"rendered":"AquaV\u00e9lo"},"content":{"rendered":"<div data-elementor-type=\"wp-page\" data-elementor-id=\"6320\" class=\"elementor elementor-6320\" data-elementor-post-type=\"page\">\n\t\t\t\t<div class=\"elementor-element elementor-element-cf1681a e-flex e-con-boxed e-con e-parent\" data-id=\"cf1681a\" data-element_type=\"container\" data-e-type=\"container\" data-settings=\"{&quot;background_background&quot;:&quot;classic&quot;}\">\n\t\t\t\t\t<div class=\"e-con-inner\">\n\t\t\t\t<div class=\"elementor-element elementor-element-c030798 elementor-widget elementor-widget-heading\" data-id=\"c030798\" data-element_type=\"widget\" data-e-type=\"widget\" data-widget_type=\"heading.default\">\n\t\t\t\t<div class=\"elementor-widget-container\">\n\t\t\t\t\t<h1 class=\"elementor-heading-title elementor-size-default\">Aquabike<\/h1>\t\t\t\t<\/div>\n\t\t\t\t<\/div>\n\t\t\t\t\t<\/div>\n\t\t\t\t<\/div>\n\t\t<div class=\"elementor-element elementor-element-738aebf e-flex e-con-boxed e-con e-parent\" data-id=\"738aebf\" data-element_type=\"container\" data-e-type=\"container\" data-settings=\"{&quot;background_background&quot;:&quot;classic&quot;}\">\n\t\t\t\t\t<div class=\"e-con-inner\">\n\t\t<div class=\"elementor-element elementor-element-656d116 e-con-full e-flex e-con e-child\" data-id=\"656d116\" data-element_type=\"container\" data-e-type=\"container\">\n\t\t\t\t<div class=\"elementor-element elementor-element-26ce024 elementor-widget elementor-widget-heading\" data-id=\"26ce024\" data-element_type=\"widget\" data-e-type=\"widget\" data-widget_type=\"heading.default\">\n\t\t\t\t<div class=\"elementor-widget-container\">\n\t\t\t\t\t<h2 class=\"elementor-heading-title elementor-size-default\">The benefits of Aquabike<\/h2>\t\t\t\t<\/div>\n\t\t\t\t<\/div>\n\t\t\t\t<div class=\"elementor-element elementor-element-09060ba elementor-widget elementor-widget-text-editor\" data-id=\"09060ba\" data-element_type=\"widget\" data-e-type=\"widget\" data-widget_type=\"text-editor.default\">\n\t\t\t\t<div class=\"elementor-widget-container\">\n\t\t\t\t\t\t\t\t\t<p>By pedaling in the water, you'll build endurance, tone your legs, boost your circulation, and burn a maximum number of calories while protecting your joints. The benefits are so numerous that you'll have no excuse not to give it a try!<\/p><p>\u00a0<\/p>\t\t\t\t\t\t\t\t<\/div>\n\t\t\t\t<\/div>\n\t\t\t\t<div class=\"elementor-element elementor-element-39389f1 elementor-widget elementor-widget-heading\" data-id=\"39389f1\" data-element_type=\"widget\" data-e-type=\"widget\" data-widget_type=\"heading.default\">\n\t\t\t\t<div class=\"elementor-widget-container\">\n\t\t\t\t\t<h2 class=\"elementor-heading-title elementor-size-default\">Cardiovascular work<\/h2>\t\t\t\t<\/div>\n\t\t\t\t<\/div>\n\t\t\t\t<div class=\"elementor-element elementor-element-14d9211 elementor-widget elementor-widget-text-editor\" data-id=\"14d9211\" data-element_type=\"widget\" data-e-type=\"widget\" data-widget_type=\"text-editor.default\">\n\t\t\t\t<div class=\"elementor-widget-container\">\n\t\t\t\t\t\t\t\t\t<p>Increasing your heart rate, especially during physical activity like Aquabike, effectively stimulates the cardiorespiratory system. This regular process improves lung capacity by strengthening the respiratory muscles and increasing the volume of air the lungs can handle.<\/p><p>Result: better oxygenation of the body, more fluid breathing and increased endurance even at rest.<\/p>\t\t\t\t\t\t\t\t<\/div>\n\t\t\t\t<\/div>\n\t\t\t\t<\/div>\n\t\t<div class=\"elementor-element elementor-element-e980a92 e-con-full e-flex e-con e-child\" data-id=\"e980a92\" data-element_type=\"container\" data-e-type=\"container\">\n\t\t\t\t<div class=\"elementor-element elementor-element-547855f elementor-widget elementor-widget-heading\" data-id=\"547855f\" data-element_type=\"widget\" data-e-type=\"widget\" data-widget_type=\"heading.default\">\n\t\t\t\t<div class=\"elementor-widget-container\">\n\t\t\t\t\t<h2 class=\"elementor-heading-title elementor-size-default\">Feeling of well-being<\/h2>\t\t\t\t<\/div>\n\t\t\t\t<\/div>\n\t\t\t\t<div class=\"elementor-element elementor-element-6a81717 elementor-widget elementor-widget-text-editor\" data-id=\"6a81717\" data-element_type=\"widget\" data-e-type=\"widget\" data-widget_type=\"text-editor.default\">\n\t\t\t\t<div class=\"elementor-widget-container\">\n\t\t\t\t\t\t\t\t\t<p>Physical activity produces endorphins, also known as feel-good hormones. They reduce stress and act as a natural pain reliever.<\/p>\t\t\t\t\t\t\t\t<\/div>\n\t\t\t\t<\/div>\n\t\t\t\t<div class=\"elementor-element elementor-element-8466342 elementor-widget elementor-widget-heading\" data-id=\"8466342\" data-element_type=\"widget\" data-e-type=\"widget\" data-widget_type=\"heading.default\">\n\t\t\t\t<div class=\"elementor-widget-container\">\n\t\t\t\t\t<h2 class=\"elementor-heading-title elementor-size-default\">Muscle toning<\/h2>\t\t\t\t<\/div>\n\t\t\t\t<\/div>\n\t\t\t\t<div class=\"elementor-element elementor-element-9dcbb89 elementor-widget elementor-widget-text-editor\" data-id=\"9dcbb89\" data-element_type=\"widget\" data-e-type=\"widget\" data-widget_type=\"text-editor.default\">\n\t\t\t\t<div class=\"elementor-widget-container\">\n\t\t\t\t\t\t\t\t\t<p>Cycling in water provides natural resistance. Muscles contract and strengthen, and bones are stimulated to stay strong.<\/p><p>The pressure the water exerts on your skin and muscles as you pedal sculpts your body, firms your skin and refines your silhouette.<\/p>\t\t\t\t\t\t\t\t<\/div>\n\t\t\t\t<\/div>\n\t\t\t\t<div class=\"elementor-element elementor-element-aa591d7 elementor-widget elementor-widget-image\" data-id=\"aa591d7\" data-element_type=\"widget\" data-e-type=\"widget\" data-widget_type=\"image.default\">\n\t\t\t\t<div class=\"elementor-widget-container\">\n\t\t\t\t\t\t\t\t\t\t\t\t\t\t\t<img fetchpriority=\"high\" decoding=\"async\" width=\"800\" height=\"270\" src=\"https:\/\/www.centrepurmer.com\/wp-content\/uploads\/2025\/04\/Logo-eauforme_.png\" class=\"attachment-large size-large wp-image-6324\" alt=\"\" srcset=\"https:\/\/www.centrepurmer.com\/wp-content\/uploads\/2025\/04\/Logo-eauforme_.png 1000w, https:\/\/www.centrepurmer.com\/wp-content\/uploads\/2025\/04\/Logo-eauforme_-300x101.png 300w, https:\/\/www.centrepurmer.com\/wp-content\/uploads\/2025\/04\/Logo-eauforme_-768x260.png 768w\" sizes=\"(max-width: 800px) 100vw, 800px\" \/>\t\t\t\t\t\t\t\t\t\t\t\t\t\t\t<\/div>\n\t\t\t\t<\/div>\n\t\t\t\t<\/div>\n\t\t\t\t\t<\/div>\n\t\t\t\t<\/div>\n\t\t<div class=\"elementor-element elementor-element-3e94ff1 e-flex e-con-boxed e-con e-parent\" data-id=\"3e94ff1\" data-element_type=\"container\" data-e-type=\"container\">\n\t\t\t\t\t<div class=\"e-con-inner\">\n\t\t<div class=\"elementor-element elementor-element-515fe37 e-con-full e-flex e-con e-child\" data-id=\"515fe37\" data-element_type=\"container\" data-e-type=\"container\">\n\t\t\t\t<div class=\"elementor-element elementor-element-73e1389 elementor-widget elementor-widget-heading\" data-id=\"73e1389\" data-element_type=\"widget\" data-e-type=\"widget\" data-widget_type=\"heading.default\">\n\t\t\t\t<div class=\"elementor-widget-container\">\n\t\t\t\t\t<h2 class=\"elementor-heading-title elementor-size-default\">Aquabike Lessons | Schedule<\/h2>\t\t\t\t<\/div>\n\t\t\t\t<\/div>\n\t\t\t\t<div class=\"elementor-element elementor-element-05aa83f elementor-widget elementor-widget-text-editor\" data-id=\"05aa83f\" data-element_type=\"widget\" data-e-type=\"widget\" data-widget_type=\"text-editor.default\">\n\t\t\t\t<div class=\"elementor-widget-container\">\n\t\t\t\t\t\t\t\t\t<p class=\"preFade fadeIn\" data-rte-preserve-empty=\"true\">Lundi: 9h30 et 19h<\/p><p class=\"preFade fadeIn\" data-rte-preserve-empty=\"true\">Mercredi: 19h<\/p><p class=\"preFade fadeIn\" data-rte-preserve-empty=\"true\">Jeudi: 9h30\u00a0<\/p><p data-rte-preserve-empty=\"true\">Samedi: 9h30<\/p>\t\t\t\t\t\t\t\t<\/div>\n\t\t\t\t<\/div>\n\t\t\t\t<div class=\"elementor-element elementor-element-84df092 elementor-widget elementor-widget-heading\" data-id=\"84df092\" data-element_type=\"widget\" data-e-type=\"widget\" data-widget_type=\"heading.default\">\n\t\t\t\t<div class=\"elementor-widget-container\">\n\t\t\t\t\t<h2 class=\"elementor-heading-title elementor-size-default\">Prices<\/h2>\t\t\t\t<\/div>\n\t\t\t\t<\/div>\n\t\t\t\t<div class=\"elementor-element elementor-element-68be29a elementor-widget elementor-widget-text-editor\" data-id=\"68be29a\" data-element_type=\"widget\" data-e-type=\"widget\" data-widget_type=\"text-editor.default\">\n\t\t\t\t<div class=\"elementor-widget-container\">\n\t\t\t\t\t\t\t\t\t<div class=\"x-el x-el-div c1-1 c1-2 c1-1y c1-3e c1-4 c1-4u c1-95 c1-b c1-c c1-96 c1-d c1-e c1-f c1-g\" data-ux=\"Block\">\n<h4 class=\"x-el x-el-h4 c1-1 c1-2 c1-y c1-z c1-7m c1-2k c1-2l c1-11 c1-95 c1-b c1-68 c1-39 c1-1g c1-97 c1-98 c1-8u c1-3a c1-3b c1-3c c1-3d\" role=\"heading\" aria-level=\"4\" data-ux=\"HeadingMinor\" data-aid=\"MENU_SECTION0_ITEM0_TITLE\" data-typography=\"HeadingGamma\" data-font-scaled=\"true\">&nbsp;<\/h4>\n<div class=\"x-el x-el-div c1-1 c1-2 c1-y c1-z c1-99 c1-11 c1-12 c1-13 c1-14 c1-15 c1-16 c1-8x c1-18 c1-19 c1-1a c1-9a c1-9b c1-b c1-68 c1-39 c1-1g c1-9c c1-9d c1-6w c1-9e c1-8u c1-9f c1-3a c1-3b c1-3c c1-3d\" data-ux=\"PriceMajor\" data-aid=\"MENU_SECTION0_ITEM0_PRICE\" data-typography=\"BodyBeta\">Discovery session: $25 + taxes<\/div>\n<div class=\"x-el x-el-div c1-1 c1-2 c1-y c1-z c1-99 c1-11 c1-12 c1-13 c1-14 c1-15 c1-16 c1-8x c1-18 c1-19 c1-1a c1-9a c1-9b c1-b c1-68 c1-39 c1-1g c1-9c c1-9d c1-6w c1-9e c1-8u c1-9f c1-3a c1-3b c1-3c c1-3d\" data-ux=\"PriceMajor\" data-aid=\"MENU_SECTION0_ITEM0_PRICE\" data-typography=\"BodyBeta\"><span style=\"font-family: -apple-system, BlinkMacSystemFont, 'Segoe UI', Roboto, 'Helvetica Neue', Arial, 'Noto Sans', sans-serif, 'Apple Color Emoji', 'Segoe UI Emoji', 'Segoe UI Symbol', 'Noto Color Emoji';\">Valid once per person, offer cannot be combined.<\/span><\/div>\n<\/div>\n<p data-rte-preserve-empty=\"true\">\n<\/p><p class=\"preFade fadeIn\" data-rte-preserve-empty=\"true\">Single session: $30 + taxes<br>Package of 5 sessions: $145 + taxes<br>10-session package: $280 + taxes<br>Package of 15 sessions: $405 + taxes<\/p>\n<p>*Valid for 12 months<\/p>\t\t\t\t\t\t\t\t<\/div>\n\t\t\t\t<\/div>\n\t\t\t\t<div class=\"elementor-element elementor-element-d94539f elementor-widget elementor-widget-button\" data-id=\"d94539f\" data-element_type=\"widget\" data-e-type=\"widget\" data-widget_type=\"button.default\">\n\t\t\t\t<div class=\"elementor-widget-container\">\n\t\t\t\t\t\t\t\t\t<div class=\"elementor-button-wrapper\">\n\t\t\t\t\t<a class=\"elementor-button elementor-button-link elementor-size-sm\" href=\"https:\/\/eauetforme.ca\" target=\"_blank\" rel=\"noopener\">\n\t\t\t\t\t\t<span class=\"elementor-button-content-wrapper\">\n\t\t\t\t\t\t\t\t\t<span class=\"elementor-button-text\">Inscription<\/span>\n\t\t\t\t\t<\/span>\n\t\t\t\t\t<\/a>\n\t\t\t\t<\/div>\n\t\t\t\t\t\t\t\t<\/div>\n\t\t\t\t<\/div>\n\t\t\t\t<\/div>\n\t\t<div class=\"elementor-element elementor-element-6902ec0 e-con-full e-flex e-con e-child\" data-id=\"6902ec0\" data-element_type=\"container\" data-e-type=\"container\">\n\t\t\t\t<div class=\"elementor-element elementor-element-25d5215 elementor-widget elementor-widget-image\" data-id=\"25d5215\" data-element_type=\"widget\" data-e-type=\"widget\" data-widget_type=\"image.default\">\n\t\t\t\t<div class=\"elementor-widget-container\">\n\t\t\t\t\t\t\t\t\t\t\t\t\t\t\t<img decoding=\"async\" width=\"600\" height=\"600\" src=\"https:\/\/www.centrepurmer.com\/wp-content\/uploads\/2025\/04\/aquaforme.webp\" class=\"attachment-large size-large wp-image-6325\" alt=\"\" srcset=\"https:\/\/www.centrepurmer.com\/wp-content\/uploads\/2025\/04\/aquaforme.webp 600w, https:\/\/www.centrepurmer.com\/wp-content\/uploads\/2025\/04\/aquaforme-300x300.webp 300w, https:\/\/www.centrepurmer.com\/wp-content\/uploads\/2025\/04\/aquaforme-150x150.webp 150w\" sizes=\"(max-width: 600px) 100vw, 600px\" \/>\t\t\t\t\t\t\t\t\t\t\t\t\t\t\t<\/div>\n\t\t\t\t<\/div>\n\t\t\t\t<\/div>\n\t\t\t\t\t<\/div>\n\t\t\t\t<\/div>\n\t\t\t\t<\/div>","protected":false},"excerpt":{"rendered":"<p>Aquav\u00e9lo Les bienfaits de l&rsquo;Aquav\u00e9lo En p\u00e9dalant dans l&rsquo;eau, vous travaillez votre endurance, tonifiez vos jambes, activez votre circulation et br\u00fblez un maximum de calories tout en m\u00e9nageant vos articulations. Les bienfaits sont tellement nombreux que vous n&rsquo;aurez plus d&rsquo;excuses pour ne pas vous y mettre! \u00a0 Travail cardiovasculaire L&rsquo;augmentation du rythme cardiaque, notamment lors [&hellip;]<\/p>\n","protected":false},"author":3,"featured_media":0,"parent":0,"menu_order":0,"comment_status":"closed","ping_status":"closed","template":"","meta":{"footnotes":""},"class_list":["post-6320","page","type-page","status-publish","hentry"],"_links":{"self":[{"href":"https:\/\/www.centrepurmer.com\/en\/wp-json\/wp\/v2\/pages\/6320","targetHints":{"allow":["GET"]}}],"collection":[{"href":"https:\/\/www.centrepurmer.com\/en\/wp-json\/wp\/v2\/pages"}],"about":[{"href":"https:\/\/www.centrepurmer.com\/en\/wp-json\/wp\/v2\/types\/page"}],"author":[{"embeddable":true,"href":"https:\/\/www.centrepurmer.com\/en\/wp-json\/wp\/v2\/users\/3"}],"replies":[{"embeddable":true,"href":"https:\/\/www.centrepurmer.com\/en\/wp-json\/wp\/v2\/comments?post=6320"}],"version-history":[{"count":10,"href":"https:\/\/www.centrepurmer.com\/en\/wp-json\/wp\/v2\/pages\/6320\/revisions"}],"predecessor-version":[{"id":6975,"href":"https:\/\/www.centrepurmer.com\/en\/wp-json\/wp\/v2\/pages\/6320\/revisions\/6975"}],"wp:attachment":[{"href":"https:\/\/www.centrepurmer.com\/en\/wp-json\/wp\/v2\/media?parent=6320"}],"curies":[{"name":"wp","href":"https:\/\/api.w.org\/{rel}","templated":true}]}}