{"id":7031,"date":"2026-04-29T16:52:37","date_gmt":"2026-04-29T20:52:37","guid":{"rendered":"https:\/\/www.centrepurmer.com\/?page_id=7031"},"modified":"2026-05-06T15:46:28","modified_gmt":"2026-05-06T19:46:28","slug":"kim-ongles-cafe","status":"publish","type":"page","link":"https:\/\/www.centrepurmer.com\/en\/kim-ongles-cafe\/","title":{"rendered":"Kim &#8211; Ongles &amp; Caf\u00e9"},"content":{"rendered":"<div data-elementor-type=\"wp-page\" data-elementor-id=\"7031\" class=\"elementor elementor-7031\" data-elementor-post-type=\"page\">\n\t\t\t\t<div class=\"elementor-element elementor-element-4e0ae50 e-flex e-con-boxed e-con e-parent\" data-id=\"4e0ae50\" data-element_type=\"container\" data-e-type=\"container\">\n\t\t\t\t\t<div class=\"e-con-inner\">\n\t\t<div class=\"elementor-element elementor-element-132514d e-con-full e-flex e-con e-child\" data-id=\"132514d\" data-element_type=\"container\" data-e-type=\"container\">\n\t\t\t\t<div class=\"elementor-element elementor-element-5c6ce07 elementor-widget elementor-widget-image\" data-id=\"5c6ce07\" data-element_type=\"widget\" data-e-type=\"widget\" data-widget_type=\"image.default\">\n\t\t\t\t<div class=\"elementor-widget-container\">\n\t\t\t\t\t\t\t\t\t\t\t\t\t\t\t<img fetchpriority=\"high\" decoding=\"async\" width=\"800\" height=\"800\" src=\"https:\/\/www.centrepurmer.com\/wp-content\/uploads\/2026\/04\/930C4CA2-B34C-4FBD-8C46-3714286D671F-1024x1024.png\" class=\"attachment-large size-large wp-image-7045\" alt=\"\" srcset=\"https:\/\/www.centrepurmer.com\/wp-content\/uploads\/2026\/04\/930C4CA2-B34C-4FBD-8C46-3714286D671F-1024x1024.png 1024w, https:\/\/www.centrepurmer.com\/wp-content\/uploads\/2026\/04\/930C4CA2-B34C-4FBD-8C46-3714286D671F-300x300.png 300w, https:\/\/www.centrepurmer.com\/wp-content\/uploads\/2026\/04\/930C4CA2-B34C-4FBD-8C46-3714286D671F-150x150.png 150w, https:\/\/www.centrepurmer.com\/wp-content\/uploads\/2026\/04\/930C4CA2-B34C-4FBD-8C46-3714286D671F-768x768.png 768w, https:\/\/www.centrepurmer.com\/wp-content\/uploads\/2026\/04\/930C4CA2-B34C-4FBD-8C46-3714286D671F-12x12.png 12w, https:\/\/www.centrepurmer.com\/wp-content\/uploads\/2026\/04\/930C4CA2-B34C-4FBD-8C46-3714286D671F.png 1254w\" sizes=\"(max-width: 800px) 100vw, 800px\" \/>\t\t\t\t\t\t\t\t\t\t\t\t\t\t\t<\/div>\n\t\t\t\t<\/div>\n\t\t\t\t<\/div>\n\t\t<div class=\"elementor-element elementor-element-d095217 e-con-full e-flex e-con e-child\" data-id=\"d095217\" data-element_type=\"container\" data-e-type=\"container\" data-settings=\"{&quot;background_background&quot;:&quot;classic&quot;}\">\n\t\t\t\t<div class=\"elementor-element elementor-element-f95dc01 elementor-widget elementor-widget-heading\" data-id=\"f95dc01\" data-element_type=\"widget\" data-e-type=\"widget\" data-widget_type=\"heading.default\">\n\t\t\t\t<div class=\"elementor-widget-container\">\n\t\t\t\t\t<h1 class=\"elementor-heading-title elementor-size-default\">Kim Ongles &amp; Caf\u00e9<\/h1>\t\t\t\t<\/div>\n\t\t\t\t<\/div>\n\t\t\t\t<div class=\"elementor-element elementor-element-7d86357 elementor-widget elementor-widget-heading\" data-id=\"7d86357\" data-element_type=\"widget\" data-e-type=\"widget\" data-widget_type=\"heading.default\">\n\t\t\t\t<div class=\"elementor-widget-container\">\n\t\t\t\t\t<h2 class=\"elementor-heading-title elementor-size-default\">Treat yourself to a real break\u2026 you deserve it!<\/h2>\t\t\t\t<\/div>\n\t\t\t\t<\/div>\n\t\t\t\t<div class=\"elementor-element elementor-element-faf5fb4 elementor-widget elementor-widget-text-editor\" data-id=\"faf5fb4\" data-element_type=\"widget\" data-e-type=\"widget\" data-widget_type=\"text-editor.default\">\n\t\t\t\t<div class=\"elementor-widget-container\">\n\t\t\t\t\t\t\t\t\t<div><p><i>At Kim Ongles &amp; Caf\u00e9, take the time to pamper yourself with professional nail care while enjoying a coffee, tea, or sweet treat in a soothing atmosphere.<\/i><\/p><p>Whether it\u2019s for a moment with friends or simply to unwind, everything is designed for your comfort and well-being.<\/p><p>\u00a0Beauty \u2022 Relaxation \u2022 Coffee<br \/>Book your moment now: <strong>438-238-8999<\/strong><\/p><\/div>\t\t\t\t\t\t\t\t<\/div>\n\t\t\t\t<\/div>\n\t\t\t\t<\/div>\n\t\t\t\t\t<\/div>\n\t\t\t\t<\/div>\n\t\t<div class=\"elementor-element elementor-element-5c33a30 e-grid e-con-boxed e-con e-parent\" data-id=\"5c33a30\" data-element_type=\"container\" data-e-type=\"container\">\n\t\t\t\t\t<div class=\"e-con-inner\">\n\t\t\t\t<div class=\"elementor-element elementor-element-f6d5a52 elementor-widget elementor-widget-image\" data-id=\"f6d5a52\" data-element_type=\"widget\" data-e-type=\"widget\" data-widget_type=\"image.default\">\n\t\t\t\t<div class=\"elementor-widget-container\">\n\t\t\t\t\t\t\t\t\t\t\t\t\t\t\t<img decoding=\"async\" width=\"683\" height=\"1024\" src=\"https:\/\/www.centrepurmer.com\/wp-content\/uploads\/2026\/05\/7F975DC5-5C62-488C-ADBB-76B5B9571000-683x1024.png\" class=\"attachment-large size-large wp-image-7136\" alt=\"\" srcset=\"https:\/\/www.centrepurmer.com\/wp-content\/uploads\/2026\/05\/7F975DC5-5C62-488C-ADBB-76B5B9571000-683x1024.png 683w, https:\/\/www.centrepurmer.com\/wp-content\/uploads\/2026\/05\/7F975DC5-5C62-488C-ADBB-76B5B9571000-200x300.png 200w, https:\/\/www.centrepurmer.com\/wp-content\/uploads\/2026\/05\/7F975DC5-5C62-488C-ADBB-76B5B9571000-768x1152.png 768w, https:\/\/www.centrepurmer.com\/wp-content\/uploads\/2026\/05\/7F975DC5-5C62-488C-ADBB-76B5B9571000-8x12.png 8w, https:\/\/www.centrepurmer.com\/wp-content\/uploads\/2026\/05\/7F975DC5-5C62-488C-ADBB-76B5B9571000.png 1024w\" sizes=\"(max-width: 683px) 100vw, 683px\" \/>\t\t\t\t\t\t\t\t\t\t\t\t\t\t\t<\/div>\n\t\t\t\t<\/div>\n\t\t\t\t<div class=\"elementor-element elementor-element-0364164 elementor-widget elementor-widget-image\" data-id=\"0364164\" data-element_type=\"widget\" data-e-type=\"widget\" data-widget_type=\"image.default\">\n\t\t\t\t<div class=\"elementor-widget-container\">\n\t\t\t\t\t\t\t\t\t\t\t\t\t\t\t<img decoding=\"async\" width=\"683\" height=\"1024\" src=\"https:\/\/www.centrepurmer.com\/wp-content\/uploads\/2026\/05\/6F390127-FC3B-4444-8F8E-C96FAC665195-683x1024.png\" class=\"attachment-large size-large wp-image-7135\" alt=\"\" srcset=\"https:\/\/www.centrepurmer.com\/wp-content\/uploads\/2026\/05\/6F390127-FC3B-4444-8F8E-C96FAC665195-683x1024.png 683w, https:\/\/www.centrepurmer.com\/wp-content\/uploads\/2026\/05\/6F390127-FC3B-4444-8F8E-C96FAC665195-200x300.png 200w, https:\/\/www.centrepurmer.com\/wp-content\/uploads\/2026\/05\/6F390127-FC3B-4444-8F8E-C96FAC665195-768x1152.png 768w, https:\/\/www.centrepurmer.com\/wp-content\/uploads\/2026\/05\/6F390127-FC3B-4444-8F8E-C96FAC665195-8x12.png 8w, https:\/\/www.centrepurmer.com\/wp-content\/uploads\/2026\/05\/6F390127-FC3B-4444-8F8E-C96FAC665195.png 1024w\" sizes=\"(max-width: 683px) 100vw, 683px\" \/>\t\t\t\t\t\t\t\t\t\t\t\t\t\t\t<\/div>\n\t\t\t\t<\/div>\n\t\t\t\t<div class=\"elementor-element elementor-element-b1d46a7 elementor-widget elementor-widget-image\" data-id=\"b1d46a7\" data-element_type=\"widget\" data-e-type=\"widget\" data-widget_type=\"image.default\">\n\t\t\t\t<div class=\"elementor-widget-container\">\n\t\t\t\t\t\t\t\t\t\t\t\t\t\t\t<img loading=\"lazy\" decoding=\"async\" width=\"768\" height=\"1024\" src=\"https:\/\/www.centrepurmer.com\/wp-content\/uploads\/2026\/05\/D6DDA8FC-411E-4E96-B738-FC2FDA81522C-768x1024.png\" class=\"attachment-large size-large wp-image-7116\" alt=\"\" srcset=\"https:\/\/www.centrepurmer.com\/wp-content\/uploads\/2026\/05\/D6DDA8FC-411E-4E96-B738-FC2FDA81522C-768x1024.png 768w, https:\/\/www.centrepurmer.com\/wp-content\/uploads\/2026\/05\/D6DDA8FC-411E-4E96-B738-FC2FDA81522C-225x300.png 225w, https:\/\/www.centrepurmer.com\/wp-content\/uploads\/2026\/05\/D6DDA8FC-411E-4E96-B738-FC2FDA81522C-9x12.png 9w, https:\/\/www.centrepurmer.com\/wp-content\/uploads\/2026\/05\/D6DDA8FC-411E-4E96-B738-FC2FDA81522C.png 1086w\" sizes=\"(max-width: 768px) 100vw, 768px\" \/>\t\t\t\t\t\t\t\t\t\t\t\t\t\t\t<\/div>\n\t\t\t\t<\/div>\n\t\t\t\t<div class=\"elementor-element elementor-element-e0914b6 elementor-widget elementor-widget-image\" data-id=\"e0914b6\" data-element_type=\"widget\" data-e-type=\"widget\" data-widget_type=\"image.default\">\n\t\t\t\t<div class=\"elementor-widget-container\">\n\t\t\t\t\t\t\t\t\t\t\t\t\t\t\t<img loading=\"lazy\" decoding=\"async\" width=\"768\" height=\"1024\" src=\"https:\/\/www.centrepurmer.com\/wp-content\/uploads\/2026\/05\/D132C30B-E7A8-4FE0-9844-F495FDD8E34A-768x1024.png\" class=\"attachment-large size-large wp-image-7130\" alt=\"\" srcset=\"https:\/\/www.centrepurmer.com\/wp-content\/uploads\/2026\/05\/D132C30B-E7A8-4FE0-9844-F495FDD8E34A-768x1024.png 768w, https:\/\/www.centrepurmer.com\/wp-content\/uploads\/2026\/05\/D132C30B-E7A8-4FE0-9844-F495FDD8E34A-225x300.png 225w, https:\/\/www.centrepurmer.com\/wp-content\/uploads\/2026\/05\/D132C30B-E7A8-4FE0-9844-F495FDD8E34A-9x12.png 9w, https:\/\/www.centrepurmer.com\/wp-content\/uploads\/2026\/05\/D132C30B-E7A8-4FE0-9844-F495FDD8E34A.png 1086w\" sizes=\"(max-width: 768px) 100vw, 768px\" \/>\t\t\t\t\t\t\t\t\t\t\t\t\t\t\t<\/div>\n\t\t\t\t<\/div>\n\t\t\t\t\t<\/div>\n\t\t\t\t<\/div>\n\t\t\t\t<\/div>","protected":false},"excerpt":{"rendered":"<p>Kim Ongles &amp; Caf\u00e9 Offrez-vous une vraie pause\u2026 vous le m\u00e9ritez! Chez Kim Ongles &amp; Caf\u00e9, prenez le temps de vous faire dorloter avec des soins des ongles professionnels, tout en savourant un caf\u00e9, un th\u00e9 ou une douceur dans une ambiance apaisante. Que ce soit pour un moment entre amies ou simplement pour d\u00e9crocher, [&hellip;]<\/p>\n","protected":false},"author":3,"featured_media":0,"parent":0,"menu_order":0,"comment_status":"closed","ping_status":"closed","template":"","meta":{"footnotes":""},"class_list":["post-7031","page","type-page","status-publish","hentry"],"_links":{"self":[{"href":"https:\/\/www.centrepurmer.com\/en\/wp-json\/wp\/v2\/pages\/7031","targetHints":{"allow":["GET"]}}],"collection":[{"href":"https:\/\/www.centrepurmer.com\/en\/wp-json\/wp\/v2\/pages"}],"about":[{"href":"https:\/\/www.centrepurmer.com\/en\/wp-json\/wp\/v2\/types\/page"}],"author":[{"embeddable":true,"href":"https:\/\/www.centrepurmer.com\/en\/wp-json\/wp\/v2\/users\/3"}],"replies":[{"embeddable":true,"href":"https:\/\/www.centrepurmer.com\/en\/wp-json\/wp\/v2\/comments?post=7031"}],"version-history":[{"count":10,"href":"https:\/\/www.centrepurmer.com\/en\/wp-json\/wp\/v2\/pages\/7031\/revisions"}],"predecessor-version":[{"id":7151,"href":"https:\/\/www.centrepurmer.com\/en\/wp-json\/wp\/v2\/pages\/7031\/revisions\/7151"}],"wp:attachment":[{"href":"https:\/\/www.centrepurmer.com\/en\/wp-json\/wp\/v2\/media?parent=7031"}],"curies":[{"name":"wp","href":"https:\/\/api.w.org\/{rel}","templated":true}]}}